{"id":188,"date":"2018-04-24T16:31:09","date_gmt":"2018-04-24T14:31:09","guid":{"rendered":"http:\/\/silvercapital-mgmt.com\/?page_id=188"},"modified":"2026-03-03T09:56:22","modified_gmt":"2026-03-03T08:56:22","slug":"mentions-legales","status":"publish","type":"page","link":"https:\/\/silvercapital-mgmt.com\/index.php\/mentions-legales\/","title":{"rendered":"Mentions l\u00e9gales"},"content":{"rendered":"<p>[et_pb_section fb_built=\u00a0\u00bb1&Prime; admin_label=\u00a0\u00bbsection\u00a0\u00bb _builder_version=\u00a0\u00bb4.16&Prime; background_color=\u00a0\u00bb#fcfcfc\u00a0\u00bb custom_padding=\u00a0\u00bb8px|0px|50.5938px|0px\u00a0\u00bb global_colors_info=\u00a0\u00bb{}\u00a0\u00bb][et_pb_row _builder_version=\u00a0\u00bb4.16&Prime; custom_padding=\u00a0\u00bb25.2969px|0px|1px|0px\u00a0\u00bb global_colors_info=\u00a0\u00bb{}\u00a0\u00bb][et_pb_column type=\u00a0\u00bb4_4&Prime; _builder_version=\u00a0\u00bb4.16&Prime; custom_padding=\u00a0\u00bb|||\u00a0\u00bb global_colors_info=\u00a0\u00bb{}\u00a0\u00bb custom_padding__hover=\u00a0\u00bb|||\u00a0\u00bb][et_pb_text _builder_version=\u00a0\u00bb4.16&Prime; custom_padding=\u00a0\u00bb|||46px||\u00a0\u00bb global_colors_info=\u00a0\u00bb{}\u00a0\u00bb]<\/p>\n<blockquote>\n<h3><strong>MENTIONS L\u00c9GALES<\/strong><\/h3>\n<\/blockquote>\n<p>[\/et_pb_text][\/et_pb_column][\/et_pb_row][et_pb_row admin_label=\u00a0\u00bbrow\u00a0\u00bb _builder_version=\u00a0\u00bb4.16&Prime; background_size=\u00a0\u00bbinitial\u00a0\u00bb background_position=\u00a0\u00bbtop_left\u00a0\u00bb background_repeat=\u00a0\u00bbrepeat\u00a0\u00bb global_colors_info=\u00a0\u00bb{}\u00a0\u00bb][et_pb_column type=\u00a0\u00bb4_4&Prime; _builder_version=\u00a0\u00bb4.16&Prime; custom_padding=\u00a0\u00bb|||\u00a0\u00bb global_colors_info=\u00a0\u00bb{}\u00a0\u00bb custom_padding__hover=\u00a0\u00bb|||\u00a0\u00bb][et_pb_text admin_label=\u00a0\u00bbText\u00a0\u00bb _builder_version=\u00a0\u00bb4.25.1&Prime; text_font=\u00a0\u00bbMontserrat||||||||\u00a0\u00bb text_font_size=\u00a0\u00bb13px\u00a0\u00bb background_size=\u00a0\u00bbinitial\u00a0\u00bb background_position=\u00a0\u00bbtop_left\u00a0\u00bb background_repeat=\u00a0\u00bbrepeat\u00a0\u00bb width=\u00a0\u00bb93.9%\u00a0\u00bb module_alignment=\u00a0\u00bbcenter\u00a0\u00bb custom_padding=\u00a0\u00bb0px|||||\u00a0\u00bb global_colors_info=\u00a0\u00bb{}\u00a0\u00bb]<\/p>\n<p><span style=\"font-size: large;\"><strong>SILVER CAPITAL MANAGEMENT<\/strong><\/span><\/p>\n<p><strong>6 Square Alboni<\/strong><br \/><strong>75016 Paris<\/strong><br \/><strong>06 47 93 92 84\u00a0<\/strong><\/p>\n<p><strong>mail : contact@silvercapital-mgmat.com<\/strong><\/p>\n<p>SIRET : 83783232800012<br \/>CODE APE : 7022Z<br \/><strong>RCS : 837 &#8211; 832 &#8211; 328<\/strong><br \/><strong>IMMATRICULATION ORIAS : 18003269<\/strong><\/p>\n<p><strong>Garantie Financi\u00e8re<\/strong> aupr\u00e8s de la compagnie d\u2019assurances : <span><strong>Everest Insurance France Branch<\/strong><span style=\"font-family: Verdana;\"> <\/span><\/span><\/p>\n<p><span><span style=\"font-family: Verdana;\"><u>Si\u00e8ge Socia<\/u>l est\u00a0<\/span>DAC 38\/39 Fitzwilliam Square West, D02 NX53, Dublin 2, Irlande, agissant par l\u2019interme\u0301diaire de sa succursale en France situe\u0301e au 42 Rue Washington, 75008 Paris<\/span><\/p>\n<div><strong>Police d&rsquo;Assurance N\u00b0CCOUK001201<\/strong><\/div>\n<div><\/div>\n<p>En application de la loi 78-17 du 6 janvier 1978 modifi\u00e9e, relative \u00e0 \u00ab l\u2019informatique, aux fichiers et aux libert\u00e9s \u00bb, tout utilisateur de ce site dispose d\u2019un droit d\u2019acc\u00e8s, de rectification et de suppression des donn\u00e9es le concernant en s\u2019adressant directement \u00e0 Silver Capital Management.<\/p>\n<p><span>Pour exercer ce droit\u00a0l\u2019utilisateur est invit\u00e9 \u00e0 prendre contact avec Silver Capital Management<\/span><span>\u00a0par :<\/span><br \/><span>\u2013 voie postale aupr\u00e8s de Silver Capital Management\u2013 6 square Alboni\u2013 75116 Paris<\/span><br \/><span>\u2013 t\u00e9l\u00e9phone au 06 47 93 92 84<\/span><br \/><span>\u2013 par voie \u00e9lectronique <a href=\"mailto:contact@silvercapital-mgmt.com\">contact@silvercapital-mgmt.com<\/a><\/span><\/p>\n<p>[\/et_pb_text][\/et_pb_column][\/et_pb_row][et_pb_row _builder_version=\u00a0\u00bb4.17.1&Prime; _module_preset=\u00a0\u00bbdefault\u00a0\u00bb width=\u00a0\u00bb82.9%\u00a0\u00bb custom_padding=\u00a0\u00bb|72px||||\u00a0\u00bb global_colors_info=\u00a0\u00bb{}\u00a0\u00bb][et_pb_column type=\u00a0\u00bb4_4&Prime; _builder_version=\u00a0\u00bb4.17.1&Prime; _module_preset=\u00a0\u00bbdefault\u00a0\u00bb global_colors_info=\u00a0\u00bb{}\u00a0\u00bb][et_pb_text _builder_version=\u00a0\u00bb4.25.1&Prime; _module_preset=\u00a0\u00bbdefault\u00a0\u00bb width=\u00a0\u00bb98.6%\u00a0\u00bb min_height=\u00a0\u00bb1513.7px\u00a0\u00bb custom_margin=\u00a0\u00bb-174px|||||\u00a0\u00bb custom_padding=\u00a0\u00bb132px|26px||32px||\u00a0\u00bb global_colors_info=\u00a0\u00bb{}\u00a0\u00bb]<\/p>\n<h2 style=\"font-weight: 400;\"><span style=\"text-decoration: underline; font-size: large;\"><strong><span style=\"font-size: x-large;\">Traitement des r\u00e9clamations<\/span>\u00a0<\/strong><\/span><\/h2>\n<p style=\"font-weight: 400;\"><strong>Pour toute r\u00e9clamation<\/strong><\/p>\n<p style=\"font-weight: 400;\">Vous pouvez contacter la soci\u00e9t\u00e9 Silver Capital Management par courrier \u00e0 l\u2019adresse suivante :<\/p>\n<p style=\"font-weight: 400;\"><strong>Silver Capital Management \u2013 SERVICE R\u00c9CLAMATION \u2013 <\/strong><\/p>\n<p style=\"font-weight: 400;\"><strong>6 square Alboni 75116 Paris . Ou par e mail \u00e0 contact@silvercapital-mgmt.com<\/strong><\/p>\n<p style=\"font-weight: 400;\">Le cabinet SCM s\u2019engage \u00e0 traiter votre r\u00e9clamation dans les d\u00e9lais suivants :<\/p>\n<p style=\"font-weight: 400;\"><span style=\"font-size: large;\"><strong>Donn\u00e9es personnelles\u00a0<\/strong><\/span><\/p>\n<p style=\"font-weight: 400;\">Silver Capital Management, \u00e9dit\u00e9 par la soci\u00e9t\u00e9 SCM ( silver capital Management) , collecte et traite des donn\u00e9es personnelles vous concernant. C\u2019est pourquoi, nous veillons \u00e0 faire preuve de la plus grande clart\u00e9 concernant nos modalit\u00e9s de collecte, d\u2019utilisation et de stockage de vos informations personnelles.<\/p>\n<h1 style=\"font-weight: 400;\"><span style=\"text-decoration: underline;\">Informations collect\u00e9es<\/span><strong> :<\/strong><\/h1>\n<p style=\"font-weight: 400;\">Nous collectons divers types d\u2019informations dans le cadre des services que nous vous proposons. A des fins de statistiques, nous enregistrons automatiquement les pages que vous visitez ainsi que votre adresse IP. Vous pouvez vous opposer \u00e0 cette collecte en d\u00e9sactivant les cookies de votre navigateur.<br \/>L\u2019ensemble des autres donn\u00e9es personnelles que nous collectons proviennent d\u2019informations que vous nous communiquez directement et avec votre consentement. Notamment, dans le cadre de l\u2019utilisation de nos simulateurs, formulaires de contacts, de demandes d\u2019informations ou de t\u00e9l\u00e9chargement de guides. Nous collectons alors les donn\u00e9es que vous avez bien voulu saisir et nous communiquer.<\/p>\n<p style=\"font-weight: 400;\"><span style=\"font-size: large;\"><strong>Utilisation des donn\u00e9es :<\/strong><\/span><\/p>\n<p style=\"font-weight: 400;\">Nous utilisons les informations que nous collectons notamment dans le but de :<br \/>\u2013 vous fournir les services demand\u00e9s<br \/>\u2013 comprendre la mani\u00e8re dont vous utilisez les services afin de mieux vous satisfaire<br \/>\u2013 Vous apporter des informations en ad\u00e9quation avec votre demande, dans le cadre de vos demandes d\u2019informations, de t\u00e9l\u00e9chargement de guides, de simulation ou de contact et uniquement avec votre consentement pr\u00e9alable.<br \/>\u2013 Vous envoyer une newsletter uniquement avec votre consentement pr\u00e9alable<br \/>Ces informations sont stock\u00e9es de mani\u00e8re s\u00e9curis\u00e9e et ne peuvent \u00eatre partag\u00e9 qu\u2019aupr\u00e8s des partenaires de Silver Capital management, uniquement dans le cadre de votre demande initiale, afin de vous proposer des services susceptibles de vous int\u00e9resser.<\/p>\n<p style=\"font-weight: 400;\"><span style=\"font-size: large;\"><strong>Conservation des donn\u00e9es :<\/strong><\/span><\/p>\n<p style=\"font-weight: 400;\">Vos donn\u00e9es personnelles sont conserv\u00e9es que pour une dur\u00e9e maximale de 1 ans ou pendant la dur\u00e9e n\u00e9cessaire \u00e0 l\u2019utilisation de nos services.<br \/>Acc\u00e8s et informations relatives aux donn\u00e9es personnelles que nous d\u00e9tenons sur vous<br \/>Vous pouvez envoyer un e-mail \u00e0 :\u00a0<a href=\"mailto:contact@silvercapital-mgmt.com\">contact@silvercapital-mgmt.com<\/a>\u00a0et demander des informations sur vos donn\u00e9es personnelles. \u00c0 la r\u00e9ception de votre demande, nous vous informerons de la nature des informations personnelles que nous d\u00e9tenons sur vous, sur la fa\u00e7on dont nous collectons les informations, sur la finalit\u00e9 pour laquelle nous traitons vos donn\u00e9es personnelles, et les personnes avec lesquelles nous partageons vos informations personnelles.<\/p>\n<p style=\"font-weight: 400;\"><strong><span style=\"text-decoration: underline;\"><span style=\"font-size: x-large;\">Rectification et suppression de vos donn\u00e9es personnelles<\/span>:<\/span><\/strong><\/p>\n<p style=\"font-weight: 400;\">Si des Donn\u00e9es ma\u00eetres ou d\u2019autres informations personnelles que nous d\u00e9tenons sur vous en tant que responsable du traitement sont incorrectes ou trompeuses, vous pouvez en demandez la rectification par e-mail \u00e0 :\u00a0<a href=\"mailto:contact@silvercapital-mgmt.com\">contact@silvercapital-mgmt.com<\/a>\u00a0.<br \/>Vous pouvez \u00e0 tout moment nous demander la suppression des informations personnelles vous concernant, en envoyant une demande par e-mail.<\/p>\n<p style=\"font-weight: 400;\"><u>Si ces voies de recours n\u2019aboutissent pas<\/u>, vous avez la possibilit\u00e9 de faire appel, selon les cas :<\/p>\n<ul style=\"font-weight: 400;\">\n<li>Au m\u00e9diateur de la Compagnie des CGP : 08 rue Godot de Mauroy, 75009 Paris<\/li>\n<li>Au m\u00e9diateur de l\u2019Autorit\u00e9 des Marches Financiers (AMF): 17 place de la Bourse, 75082 Paris Cedex 02\n<div class=\"elementor-element elementor-element-3aba98c elementor-widget elementor-widget-heading\" data-id=\"3aba98c\" data-element_type=\"widget\" data-widget_type=\"heading.default\">\n<div class=\"elementor-widget-container\">\n<h2 class=\"elementor-heading-title elementor-size-default\"><\/h2>\n<h2 class=\"elementor-heading-title elementor-size-default\">DROIT APPLICABLE<\/h2>\n<\/div>\n<\/div>\n<div class=\"elementor-element elementor-element-0599ff8 elementor-widget elementor-widget-text-editor\" data-id=\"0599ff8\" data-element_type=\"widget\" data-widget_type=\"text-editor.default\">\n<div class=\"elementor-widget-container\">\n<div class=\"elementor-text-editor elementor-clearfix\">\n<p>Les pr\u00e9sentes dispositions sont soumises au droit fran\u00e7ais.<br \/>Silver Capital Management\u2013 Copyright \u00a9 2023, tous droits r\u00e9serv\u00e9s.<\/p>\n<\/div>\n<\/div>\n<\/div>\n<\/li>\n<\/ul>\n<p>[\/et_pb_text][\/et_pb_column][\/et_pb_row][\/et_pb_section][et_pb_section fb_built=\u00a0\u00bb1&Prime; _builder_version=\u00a0\u00bb4.17.1&Prime; _module_preset=\u00a0\u00bbdefault\u00a0\u00bb min_height=\u00a0\u00bb1748px\u00a0\u00bb custom_margin=\u00a0\u00bb-88px||-19px|||\u00a0\u00bb global_colors_info=\u00a0\u00bb{}\u00a0\u00bb custom_padding=\u00a0\u00bb||0px|||\u00a0\u00bb][et_pb_row _builder_version=\u00a0\u00bb4.25.1&Prime; _module_preset=\u00a0\u00bbdefault\u00a0\u00bb width=\u00a0\u00bb84.3%\u00a0\u00bb module_alignment=\u00a0\u00bbcenter\u00a0\u00bb custom_margin=\u00a0\u00bb-83px|545px||367px||\u00a0\u00bb global_colors_info=\u00a0\u00bb{}\u00a0\u00bb][et_pb_column type=\u00a0\u00bb4_4&Prime; _builder_version=\u00a0\u00bb4.17.1&Prime; _module_preset=\u00a0\u00bbdefault\u00a0\u00bb global_colors_info=\u00a0\u00bb{}\u00a0\u00bb][et_pb_text _builder_version=\u00a0\u00bb4.17.1&Prime; _module_preset=\u00a0\u00bbdefault\u00a0\u00bb width=\u00a0\u00bb100%\u00a0\u00bb min_height=\u00a0\u00bb415px\u00a0\u00bb custom_padding=\u00a0\u00bb|128px||||\u00a0\u00bb inline_fonts=\u00a0\u00bbVerdana\u00a0\u00bb global_colors_info=\u00a0\u00bb{}\u00a0\u00bb]<\/p>\n<h1><span style=\"text-decoration: underline;\"><span style=\"color: rgba(0, 0, 0, 0.7);\"><strong><span style=\"font-size: x-large; font-family: Verdana;\">Politique de r\u00e9mun\u00e9ration.<\/span><\/strong><\/span><\/span><\/h1>\n<p><span style=\"text-decoration: underline;\"><span style=\"color: rgba(0, 0, 0, 0.7);\"><strong><span style=\"font-size: x-large; font-family: Verdana;\"><\/span><\/strong><\/span><\/span><\/p>\n<p><span>Le conseil en strat\u00e9gie patrimoniale est r\u00e9mun\u00e9r\u00e9 sous forme d\u2019honoraires, une lettre de mission pr\u00e9cisant alors les modalit\u00e9s de r\u00e9alisation de ces prestations ainsi que le montant des honoraires. <strong>Le minimum d&rsquo;honoraires pouvant \u00eatre factures\u00a0<\/strong><\/span><strong>s&rsquo;\u00e9l\u00e8vent \u00e0 450 \u20ac HT<\/strong> .<\/p>\n<p>Le montant peut \u00eatre plus important selon la complexit\u00e9 du dossier.<\/p>\n<p><span style=\"font-size: 14px;\">Pour les produits d&rsquo;\u00e9pargne retraite (PER), d&rsquo;\u00e9pargne retraite Collective et d&rsquo;Assurance vie une commission \u00ab up front \u00bb pouvant aller jusqu\u2019\u00e0 5% du montant investi.<\/span><\/p>\n<ul>\n<li>une partie des frais d\u2019arbitrage, en fonction de nos fournisseurs, cette r\u00e9trocession peut \u00eatre la diff\u00e9rence entre les frais appliqu\u00e9s et un \u00ab\u00a0incompressible fournisseur \u00bb (cet incompressible varie de 15 \u20ac minimum \u00e0 0,5% du montant investi),<\/li>\n<\/ul>\n<p><span style=\"font-size: 14px;\"><\/span><\/p>\n<p><strong>Conform\u00e9ment \u00e0 la r\u00e8glementation, le client pourra obtenir, sur simple demande, communication d\u2019informations plus pr\u00e9cises aupr\u00e8s de son conseiller, de l\u2019\u00e9tablissement teneur du compte ou directement aupr\u00e8s du producteur quand ce dernier n\u2019est pas lui-m\u00eame d\u00e9positaire.<\/strong><\/p>\n<p>&nbsp;<\/p>\n<p><span style=\"color: rgba(0, 0, 0, 0.7);\"><strong><span style=\"font-size: x-large; font-family: Verdana;\"><\/span><\/strong><\/span><\/p>\n<p>[\/et_pb_text][\/et_pb_column][\/et_pb_row][\/et_pb_section]<\/p>\n","protected":false},"excerpt":{"rendered":"<p>MENTIONS L\u00c9GALES SILVER CAPITAL MANAGEMENT 6 Square Alboni75016 Paris06 47 93 92 84\u00a0 mail : contact@silvercapital-mgmat.com SIRET : 83783232800012CODE APE : 7022ZRCS : 837 &#8211; 832 &#8211; 328IMMATRICULATION ORIAS : 18003269 Garantie Financi\u00e8re aupr\u00e8s de la compagnie d\u2019assurances : Everest Insurance France Branch Si\u00e8ge Social est\u00a0DAC 38\/39 Fitzwilliam Square West, D02 NX53, Dublin 2, Irlande, [&hellip;]<\/p>\n","protected":false},"author":1,"featured_media":0,"parent":0,"menu_order":0,"comment_status":"closed","ping_status":"closed","template":"","meta":{"_et_pb_use_builder":"on","_et_pb_old_content":"","_et_gb_content_width":"","footnotes":""},"class_list":["post-188","page","type-page","status-publish","hentry"],"_links":{"self":[{"href":"https:\/\/silvercapital-mgmt.com\/index.php\/wp-json\/wp\/v2\/pages\/188","targetHints":{"allow":["GET"]}}],"collection":[{"href":"https:\/\/silvercapital-mgmt.com\/index.php\/wp-json\/wp\/v2\/pages"}],"about":[{"href":"https:\/\/silvercapital-mgmt.com\/index.php\/wp-json\/wp\/v2\/types\/page"}],"author":[{"embeddable":true,"href":"https:\/\/silvercapital-mgmt.com\/index.php\/wp-json\/wp\/v2\/users\/1"}],"replies":[{"embeddable":true,"href":"https:\/\/silvercapital-mgmt.com\/index.php\/wp-json\/wp\/v2\/comments?post=188"}],"version-history":[{"count":20,"href":"https:\/\/silvercapital-mgmt.com\/index.php\/wp-json\/wp\/v2\/pages\/188\/revisions"}],"predecessor-version":[{"id":844,"href":"https:\/\/silvercapital-mgmt.com\/index.php\/wp-json\/wp\/v2\/pages\/188\/revisions\/844"}],"wp:attachment":[{"href":"https:\/\/silvercapital-mgmt.com\/index.php\/wp-json\/wp\/v2\/media?parent=188"}],"curies":[{"name":"wp","href":"https:\/\/api.w.org\/{rel}","templated":true}]}}