{"id":40,"date":"2018-03-28T16:05:02","date_gmt":"2018-03-28T14:05:02","guid":{"rendered":"http:\/\/silvercapital-mgmt.com\/?page_id=40"},"modified":"2026-03-04T16:27:09","modified_gmt":"2026-03-04T15:27:09","slug":"qui-sommes-nous","status":"publish","type":"page","link":"https:\/\/silvercapital-mgmt.com\/index.php\/qui-sommes-nous\/","title":{"rendered":"Notre Soci\u00e9t\u00e9"},"content":{"rendered":"<p>[et_pb_section fb_built=\u00a0\u00bb1&Prime; admin_label=\u00a0\u00bbsection\u00a0\u00bb _builder_version=\u00a0\u00bb4.16&Prime; background_color=\u00a0\u00bb#fcfcfc\u00a0\u00bb custom_padding=\u00a0\u00bb40px|0px|20px|0px\u00a0\u00bb global_colors_info=\u00a0\u00bb{}\u00a0\u00bb custom_margin=\u00a0\u00bb||52px|||\u00a0\u00bb min_height=\u00a0\u00bb735.1px\u00a0\u00bb][et_pb_row _builder_version=\u00a0\u00bb4.16&Prime; custom_padding=\u00a0\u00bb0|0px|0|0px\u00a0\u00bb global_colors_info=\u00a0\u00bb{}\u00a0\u00bb][et_pb_column type=\u00a0\u00bb4_4&Prime; _builder_version=\u00a0\u00bb4.16&Prime; custom_padding=\u00a0\u00bb|||\u00a0\u00bb global_colors_info=\u00a0\u00bb{}\u00a0\u00bb custom_padding__hover=\u00a0\u00bb|||\u00a0\u00bb][et_pb_text _builder_version=\u00a0\u00bb4.16&Prime; text_font=\u00a0\u00bb||||||||\u00a0\u00bb text_text_color=\u00a0\u00bb#00316d\u00a0\u00bb global_colors_info=\u00a0\u00bb{}\u00a0\u00bb]<\/p>\n<blockquote>\n<h2 style=\"text-align: left;\"><span style=\"color: #003859;\">UNE EXPERTISE <strong>\u00c0 VOTRE SERVICE<\/strong><\/span><\/h2>\n<\/blockquote>\n<p>[\/et_pb_text][\/et_pb_column][\/et_pb_row][et_pb_row column_structure=\u00a0\u00bb1_3,2_3&Prime; admin_label=\u00a0\u00bbrow\u00a0\u00bb _builder_version=\u00a0\u00bb4.16&Prime; background_size=\u00a0\u00bbinitial\u00a0\u00bb background_position=\u00a0\u00bbtop_left\u00a0\u00bb background_repeat=\u00a0\u00bbrepeat\u00a0\u00bb custom_padding=\u00a0\u00bb25.5312px|0px|5px|0px\u00a0\u00bb global_colors_info=\u00a0\u00bb{}\u00a0\u00bb][et_pb_column type=\u00a0\u00bb1_3&Prime; _builder_version=\u00a0\u00bb4.16&Prime; custom_padding=\u00a0\u00bb|||\u00a0\u00bb global_colors_info=\u00a0\u00bb{}\u00a0\u00bb custom_padding__hover=\u00a0\u00bb|||\u00a0\u00bb][et_pb_image src=\u00a0\u00bbhttp:\/\/silvercapital-mgmt.com\/wp-content\/uploads\/2026\/03\/IMG_5597-2.jpeg\u00a0\u00bb title_text=\u00a0\u00bbIMG_5597 2&Prime; _builder_version=\u00a0\u00bb4.25.1&Prime; _module_preset=\u00a0\u00bbdefault\u00a0\u00bb width=\u00a0\u00bb100%\u00a0\u00bb global_colors_info=\u00a0\u00bb{}\u00a0\u00bb][\/et_pb_image][\/et_pb_column][et_pb_column type=\u00a0\u00bb2_3&Prime; _builder_version=\u00a0\u00bb4.16&Prime; custom_padding=\u00a0\u00bb|||\u00a0\u00bb global_colors_info=\u00a0\u00bb{}\u00a0\u00bb custom_padding__hover=\u00a0\u00bb|||\u00a0\u00bb][et_pb_text _builder_version=\u00a0\u00bb4.25.1&Prime; text_font=\u00a0\u00bb||||||||\u00a0\u00bb text_text_color=\u00a0\u00bb#054c7f\u00a0\u00bb custom_margin=\u00a0\u00bb|||\u00a0\u00bb hover_enabled=\u00a0\u00bb0&Prime; global_colors_info=\u00a0\u00bb{}\u00a0\u00bb sticky_enabled=\u00a0\u00bb0&Prime;]<\/p>\n<h4><span style=\"color: #00406b;\"><strong>Stanislas de Pioger<\/strong><\/span><br \/><span style=\"color: #00406b;\"> Pr\u00e9sident<\/span><\/h4>\n<p>[\/et_pb_text][et_pb_text _builder_version=\u00a0\u00bb4.25.1&Prime; custom_margin=\u00a0\u00bb-34px|||||\u00a0\u00bb hover_enabled=\u00a0\u00bb0&Prime; global_colors_info=\u00a0\u00bb{}\u00a0\u00bb text_font_size=\u00a0\u00bb17px\u00a0\u00bb sticky_enabled=\u00a0\u00bb0&Prime;]<\/p>\n<p>Je suis Managing Partner de <span class=\"hover:entity-accent entity-underline inline cursor-pointer align-baseline\"><span class=\"whitespace-normal\">Silver Capital Management<\/span><\/span> et j\u2019accompagne des dirigeants, entrepreneurs, expatri\u00e9s et familles internationales confront\u00e9s \u00e0 des environnements patrimoniaux complexes.<\/p>\n<p data-start=\"1205\" data-end=\"1513\">Dans un monde marqu\u00e9 par la mobilit\u00e9 internationale, la fiscalit\u00e9 multi-juridictionnelle et les contraintes sp\u00e9cifiques li\u00e9es aux statuts d\u2019US Persons, et des expatri\u00e9s\u00a0 la gestion du patrimoine ne peut plus \u00eatre fragment\u00e9e ni purement financi\u00e8re. <strong>Elle doit \u00eatre structur\u00e9e, gouvern\u00e9e et align\u00e9e avec une vision de long terme.<\/strong><\/p>\n<p data-start=\"1515\" data-end=\"1866\">Mon r\u00f4le consiste \u00e0 transformer la complexit\u00e9 juridique, fiscale et financi\u00e8re en <strong>une architecture patrimoniale<\/strong> coh\u00e9rente. J\u2019interviens \u00e0 la crois\u00e9e des enjeux professionnels et personnels : organisation des flux internationaux, structuration d\u2019actifs, pr\u00e9paration \u00e0 la cession d\u2019entreprise, gouvernance familiale et transmission interg\u00e9n\u00e9rationnelle.<\/p>\n<p data-start=\"1868\" data-end=\"2083\">Je ne propose pas de solutions standardis\u00e9es ni de logique produit. <strong>J\u2019apporte une vision strat\u00e9gique ind\u00e9pendante<\/strong>, coordonn\u00e9e avec les fiscalistes, avocats et partenaires internationaux lorsque la situation l\u2019exige.<\/p>\n<p data-start=\"2085\" data-end=\"2253\">Chaque mission d\u00e9bute par une analyse approfondie visant \u00e0 identifier les risques invisibles, les incoh\u00e9rences structurelles et les opportunit\u00e9s d\u2019optimisation durable.<\/p>\n<p data-start=\"2255\" data-end=\"2324\">Parce qu\u2019un patrimoine dans sa globalit\u00e9 ne se g\u00e8re pas : il s\u2019orchestre. (M\u00eame \u00e0 l&rsquo;international )<\/p>\n<p>&nbsp;<\/p>\n<p>[\/et_pb_text][\/et_pb_column][\/et_pb_row][\/et_pb_section][et_pb_section fb_built=\u00a0\u00bb1&Prime; _builder_version=\u00a0\u00bb4.16&Prime; background_color=\u00a0\u00bb#f9f9f9&Prime; custom_margin=\u00a0\u00bb75px|||||\u00a0\u00bb custom_padding=\u00a0\u00bb6px|0px|5px|0px\u00a0\u00bb global_colors_info=\u00a0\u00bb{}\u00a0\u00bb][et_pb_row column_structure=\u00a0\u00bb2_5,3_5&Prime; _builder_version=\u00a0\u00bb4.16&Prime; custom_padding=\u00a0\u00bb39px|0px|24px|0px\u00a0\u00bb global_colors_info=\u00a0\u00bb{}\u00a0\u00bb][et_pb_column type=\u00a0\u00bb2_5&Prime; _builder_version=\u00a0\u00bb4.16&Prime; custom_padding=\u00a0\u00bb|||\u00a0\u00bb global_colors_info=\u00a0\u00bb{}\u00a0\u00bb custom_padding__hover=\u00a0\u00bb|||\u00a0\u00bb][et_pb_text _builder_version=\u00a0\u00bb4.16&Prime; global_colors_info=\u00a0\u00bb{}\u00a0\u00bb]<\/p>\n<h4><span style=\"color: #045d91;\"><strong>Notre<\/strong><\/span><br \/>\n<span style=\"color: #045d91;\"><strong>M\u00e9thodologie<\/strong><\/span><\/h4>\n<p>[\/et_pb_text][et_pb_text _builder_version=\u00a0\u00bb4.16&Prime; global_colors_info=\u00a0\u00bb{}\u00a0\u00bb]<\/p>\n<ul>\n<li>Une approche<strong> globale<\/strong><\/li>\n<li>Souplesse et r\u00e9activit\u00e9<\/li>\n<li>L\u2019ind\u00e9pendance<\/li>\n<\/ul>\n<p>[\/et_pb_text][\/et_pb_column][et_pb_column type=\u00a0\u00bb3_5&Prime; _builder_version=\u00a0\u00bb4.16&Prime; custom_padding=\u00a0\u00bb|||\u00a0\u00bb global_colors_info=\u00a0\u00bb{}\u00a0\u00bb custom_padding__hover=\u00a0\u00bb|||\u00a0\u00bb][et_pb_text _builder_version=\u00a0\u00bb4.16&Prime; global_colors_info=\u00a0\u00bb{}\u00a0\u00bb]<\/p>\n<h4><span style=\"color: #045d91;\"><strong>Nos<br \/>\nEngagements<\/strong><\/span><\/h4>\n<p>[\/et_pb_text][et_pb_text _builder_version=\u00a0\u00bb4.16&Prime; global_colors_info=\u00a0\u00bb{}\u00a0\u00bb]<\/p>\n<ul>\n<li><strong>Respecter les dispositions r\u00e9glementaires<\/strong> et la d\u00e9ontologie tant \u00e0 l&rsquo;\u00e9gard de nos clients que de notre environnement professionnel.<\/li>\n<li><strong>Agir avec loyaut\u00e9<\/strong>, comp\u00e9tence, diligence et ind\u00e9pendance au mieux des int\u00e9r\u00eats de nos clients.<\/li>\n<li><strong>Maintenir en permanence nos connaissances et nos comp\u00e9tences<\/strong> au niveau requis par l&rsquo;\u00e9volution des techniques et du contexte \u00e9conomique et r\u00e9glementaire.<\/li>\n<\/ul>\n<p>[\/et_pb_text][\/et_pb_column][\/et_pb_row][\/et_pb_section][et_pb_section fb_built=\u00a0\u00bb1&Prime; _builder_version=\u00a0\u00bb4.16&Prime; background_color=\u00a0\u00bb#01508c\u00a0\u00bb use_background_color_gradient=\u00a0\u00bbon\u00a0\u00bb background_color_gradient_stops=\u00a0\u00bb#1e4a74 0%|#246393 100%\u00a0\u00bb background_color_gradient_start=\u00a0\u00bb#1e4a74&Prime; background_color_gradient_end=\u00a0\u00bb#246393&Prime; custom_margin=\u00a0\u00bb11px|||||\u00a0\u00bb custom_padding=\u00a0\u00bb29px|0px|50.5938px|0px\u00a0\u00bb global_colors_info=\u00a0\u00bb{}\u00a0\u00bb][et_pb_row column_structure=\u00a0\u00bb2_3,1_3&Prime; _builder_version=\u00a0\u00bb4.16&Prime; custom_padding=\u00a0\u00bb2px|0px|0px|0px||\u00a0\u00bb global_colors_info=\u00a0\u00bb{}\u00a0\u00bb][et_pb_column type=\u00a0\u00bb2_3&Prime; _builder_version=\u00a0\u00bb4.16&Prime; custom_padding=\u00a0\u00bb|||\u00a0\u00bb global_colors_info=\u00a0\u00bb{}\u00a0\u00bb custom_padding__hover=\u00a0\u00bb|||\u00a0\u00bb][et_pb_text _builder_version=\u00a0\u00bb4.25.1&Prime; text_font=\u00a0\u00bbMontserrat||||||||\u00a0\u00bb background_layout=\u00a0\u00bbdark\u00a0\u00bb width=\u00a0\u00bb100%\u00a0\u00bb hover_enabled=\u00a0\u00bb0&Prime; global_colors_info=\u00a0\u00bb{}\u00a0\u00bb text_font_size=\u00a0\u00bb15px\u00a0\u00bb sticky_enabled=\u00a0\u00bb0&Prime; module_alignment=\u00a0\u00bbcenter\u00a0\u00bb transform_scale=\u00a0\u00bb104%|104%\u00a0\u00bb]<\/p>\n<h2><strong>MOT DU PRESIDENT<\/strong><\/h2>\n<p><strong><\/strong><\/p>\n<p><strong><\/strong><\/p>\n<h1 data-start=\"219\" data-end=\"239\"><\/h1>\n<p data-start=\"241\" data-end=\"449\">Il y a quelques ann\u00e9es, un entrepreneur que j\u2019accompagnais depuis longtemps m\u2019a dit :<br data-start=\"326\" data-end=\"329\" \/><em data-start=\"329\" data-end=\"449\">\u00ab Stanislas, dans mon entreprise je ma\u00eetrise mes d\u00e9cisions. Dans mon patrimoine, j\u2019ai parfois l\u2019impression de subir. \u00bb<\/em><\/p>\n<p data-start=\"451\" data-end=\"485\">Cette phrase ne m\u2019a jamais quitt\u00e9.<\/p>\n<p data-start=\"487\" data-end=\"673\">Elle r\u00e9sume parfaitement le paradoxe que vivent beaucoup de dirigeants :<br data-start=\"559\" data-end=\"562\" \/>une grande ma\u00eetrise professionnelle\u2026 et une gestion patrimoniale souvent fragment\u00e9e, influenc\u00e9e, parfois subie.<\/p>\n<p data-start=\"675\" data-end=\"765\">C\u2019est pr\u00e9cis\u00e9ment pour r\u00e9pondre \u00e0 cette r\u00e9alit\u00e9 que j\u2019ai fond\u00e9 ce cabinet en 2018 \u00e0 Paris.<\/p>\n<p data-start=\"767\" data-end=\"965\">Je n\u2019ai pas voulu cr\u00e9er une structure suppl\u00e9mentaire dans l\u2019univers du conseil financier.<br data-start=\"856\" data-end=\"859\" \/>J\u2019ai voulu b\u00e2tir un cabinet ind\u00e9pendant, capable d\u2019apporter une vision strat\u00e9gique, structur\u00e9e et durable.<\/p>\n<h2 data-start=\"972\" data-end=\"996\"><span style=\"text-decoration: underline;\">Une conviction simple<\/span><\/h2>\n<p data-start=\"998\" data-end=\"1046\">Un patrimoine ne se g\u00e8re pas.<br data-start=\"1027\" data-end=\"1030\" \/>Il se structure.<\/p>\n<p data-start=\"1048\" data-end=\"1277\">Il ne s\u2019agit pas de rechercher le rendement \u00e0 court terme, ni de multiplier les solutions.<br data-start=\"1138\" data-end=\"1141\" \/>Il s\u2019agit de construire une architecture coh\u00e9rente, adapt\u00e9e \u00e0 votre trajectoire de vie, \u00e0 vos ambitions et \u00e0 votre environnement fiscal.<\/p>\n<p data-start=\"1279\" data-end=\"1417\">Entre la France et la Suisse, j\u2019accompagne des entrepreneurs, des dirigeants et des familles qui souhaitent donner du sens \u00e0 leur capital.<\/p>\n<p data-start=\"1419\" data-end=\"1592\">Mon r\u00f4le n\u2019est pas de suivre les modes.<br data-start=\"1458\" data-end=\"1461\" \/>Il est d\u2019apporter de la clart\u00e9 dans la complexit\u00e9.<br data-start=\"1511\" data-end=\"1514\" \/>De la m\u00e9thode dans l\u2019incertitude.<br data-start=\"1547\" data-end=\"1550\" \/>De la discipline dans un monde \u00e9motionnel.<\/p>\n<h2 data-start=\"1599\" data-end=\"1632\"><span style=\"text-decoration: underline;\">L\u2019ind\u00e9pendance comme fondement<\/span><\/h2>\n<p data-start=\"1634\" data-end=\"1709\">L\u2019ind\u00e9pendance n\u2019est pas un argument marketing, c\u2019est avant tout une responsabilit\u00e9.<\/p>\n<p data-start=\"1711\" data-end=\"1858\">Elle signifie que chaque allocation d\u2019actifs, chaque strat\u00e9gie fiscale, chaque d\u00e9cision d\u2019investissement est prise dans un seul int\u00e9r\u00eat : le v\u00f4tre.<\/p>\n<p data-start=\"1860\" data-end=\"2045\">Je privil\u00e9gie les strat\u00e9gies lisibles, robustes et adapt\u00e9es au temps long.<br data-start=\"1934\" data-end=\"1937\" \/>Je crois \u00e0 la diversification intelligente, \u00e0 la ma\u00eetrise des co\u00fbts et \u00e0 la coh\u00e9rence globale du patrimoine.<\/p>\n<ol>\n<li data-start=\"2052\" data-end=\"2133\">Les march\u00e9s fluctuent.<\/li>\n<li data-start=\"2052\" data-end=\"2133\">Les r\u00e9glementations \u00e9voluent.<\/li>\n<li data-start=\"2052\" data-end=\"2133\">Les cycles se succ\u00e8dent.<\/li>\n<\/ol>\n<p data-start=\"2135\" data-end=\"2195\">Mais une chose demeure :<br data-start=\"2159\" data-end=\"2162\" \/>la n\u00e9cessit\u00e9 d\u2019une vision claire.<\/p>\n<p data-start=\"2197\" data-end=\"2272\">C\u2019est cette vision que je m\u2019engage \u00e0 d\u00e9fendre, avec exigence et discr\u00e9tion.<\/p>\n<p data-start=\"2274\" data-end=\"2307\"><strong data-start=\"2274\" data-end=\"2293\">Stanislas DE PIOGER<\/strong><\/p>\n<p>[\/et_pb_text][et_pb_text _builder_version=\u00a0\u00bb4.16&Prime; text_font=\u00a0\u00bb||||||||\u00a0\u00bb background_layout=\u00a0\u00bbdark\u00a0\u00bb global_colors_info=\u00a0\u00bb{}\u00a0\u00bb][\/et_pb_text][\/et_pb_column][et_pb_column type=\u00a0\u00bb1_3&Prime; _builder_version=\u00a0\u00bb4.16&Prime; custom_padding=\u00a0\u00bb|||\u00a0\u00bb global_colors_info=\u00a0\u00bb{}\u00a0\u00bb custom_padding__hover=\u00a0\u00bb|||\u00a0\u00bb][et_pb_image src=\u00a0\u00bbhttp:\/\/silvercapital-mgmt.com\/wp-content\/uploads\/2026\/03\/istockphoto-1355250975-612&#215;612-1.jpg\u00a0\u00bb title_text=\u00a0\u00bbistockphoto-1355250975-612&#215;612&Prime; force_fullwidth=\u00a0\u00bbon\u00a0\u00bb align_tablet=\u00a0\u00bbcenter\u00a0\u00bb align_phone=\u00a0\u00bbcenter\u00a0\u00bb align_last_edited=\u00a0\u00bbon|desktop\u00a0\u00bb _builder_version=\u00a0\u00bb4.25.1&Prime; transform_scale=\u00a0\u00bb158%|158%\u00a0\u00bb transform_translate=\u00a0\u00bb31px|4px\u00a0\u00bb custom_margin=\u00a0\u00bb50px|-5px||||\u00a0\u00bb hover_enabled=\u00a0\u00bb0&Prime; global_colors_info=\u00a0\u00bb{}\u00a0\u00bb sticky_enabled=\u00a0\u00bb0&Prime;][\/et_pb_image][\/et_pb_column][\/et_pb_row][\/et_pb_section]<\/p>\n","protected":false},"excerpt":{"rendered":"<p>UNE EXPERTISE \u00c0 VOTRE SERVICE Stanislas de Pioger Pr\u00e9sidentJe suis Managing Partner de Silver Capital Management et j\u2019accompagne des dirigeants, entrepreneurs, expatri\u00e9s et familles internationales confront\u00e9s \u00e0 des environnements patrimoniaux complexes. Dans un monde marqu\u00e9 par la mobilit\u00e9 internationale, la fiscalit\u00e9 multi-juridictionnelle et les contraintes sp\u00e9cifiques li\u00e9es aux statuts d\u2019US Persons, et des expatri\u00e9s\u00a0 la [&hellip;]<\/p>\n","protected":false},"author":1,"featured_media":0,"parent":0,"menu_order":0,"comment_status":"closed","ping_status":"closed","template":"","meta":{"_et_pb_use_builder":"on","_et_pb_old_content":"","_et_gb_content_width":"","footnotes":""},"class_list":["post-40","page","type-page","status-publish","hentry"],"_links":{"self":[{"href":"https:\/\/silvercapital-mgmt.com\/index.php\/wp-json\/wp\/v2\/pages\/40","targetHints":{"allow":["GET"]}}],"collection":[{"href":"https:\/\/silvercapital-mgmt.com\/index.php\/wp-json\/wp\/v2\/pages"}],"about":[{"href":"https:\/\/silvercapital-mgmt.com\/index.php\/wp-json\/wp\/v2\/types\/page"}],"author":[{"embeddable":true,"href":"https:\/\/silvercapital-mgmt.com\/index.php\/wp-json\/wp\/v2\/users\/1"}],"replies":[{"embeddable":true,"href":"https:\/\/silvercapital-mgmt.com\/index.php\/wp-json\/wp\/v2\/comments?post=40"}],"version-history":[{"count":50,"href":"https:\/\/silvercapital-mgmt.com\/index.php\/wp-json\/wp\/v2\/pages\/40\/revisions"}],"predecessor-version":[{"id":852,"href":"https:\/\/silvercapital-mgmt.com\/index.php\/wp-json\/wp\/v2\/pages\/40\/revisions\/852"}],"wp:attachment":[{"href":"https:\/\/silvercapital-mgmt.com\/index.php\/wp-json\/wp\/v2\/media?parent=40"}],"curies":[{"name":"wp","href":"https:\/\/api.w.org\/{rel}","templated":true}]}}