{"id":471,"date":"2023-03-13T16:38:50","date_gmt":"2023-03-13T15:38:50","guid":{"rendered":"https:\/\/silvercapital-mgmt.com\/?page_id=471"},"modified":"2023-03-13T16:38:50","modified_gmt":"2023-03-13T15:38:50","slug":"donnees-personnelles","status":"publish","type":"page","link":"https:\/\/silvercapital-mgmt.com\/index.php\/donnees-personnelles\/","title":{"rendered":"Donn\u00e9es personnelles"},"content":{"rendered":"<p>[et_pb_section fb_built=\u00a0\u00bb1&Prime; theme_builder_area=\u00a0\u00bbpost_content\u00a0\u00bb _builder_version=\u00a0\u00bb4.17.1&Prime; _module_preset=\u00a0\u00bbdefault\u00a0\u00bb][et_pb_row _builder_version=\u00a0\u00bb4.17.1&Prime; _module_preset=\u00a0\u00bbdefault\u00a0\u00bb theme_builder_area=\u00a0\u00bbpost_content\u00a0\u00bb][et_pb_column _builder_version=\u00a0\u00bb4.17.1&Prime; _module_preset=\u00a0\u00bbdefault\u00a0\u00bb type=\u00a0\u00bb4_4&Prime; theme_builder_area=\u00a0\u00bbpost_content\u00a0\u00bb][et_pb_text _builder_version=\u00a0\u00bb4.17.1&Prime; _module_preset=\u00a0\u00bbdefault\u00a0\u00bb theme_builder_area=\u00a0\u00bbpost_content\u00a0\u00bb hover_enabled=\u00a0\u00bb0&Prime; sticky_enabled=\u00a0\u00bb0&Prime;]<\/p>\n<div>\n<h3><b>Donn\u00e9es personnelles<\/b><\/h3>\n<p>&nbsp;<\/p>\n<\/div>\n<div><\/div>\n<div>\n<p>Silver Capital Management, \u00e9dit\u00e9 par la soci\u00e9t\u00e9 SCM ( silver capital Management) , collecte et traite des donn\u00e9es personnelles vous concernant. C\u2019est pourquoi, nous veillons \u00e0 faire preuve de la plus grande clart\u00e9 concernant nos modalit\u00e9s de collecte, d\u2019utilisation et de stockage de vos informations personnelles.<\/p>\n<p>&nbsp;<\/p>\n<\/div>\n<div><\/div>\n<p><b>Informations collect\u00e9s :<\/b><\/p>\n<div>\n<p>Nous collectons divers types d\u2019informations dans le cadre des services que nous vous proposons. A des fins de statistiques, nous enregistrons automatiquement les pages que vous visitez ainsi que votre adresse IP. Vous pouvez vous opposer \u00e0 cette collecte en d\u00e9sactivant les cookies de votre navigateur.<br \/>L\u2019ensemble des autres donn\u00e9es personnelles que nous collectons proviennent d\u2019informations que vous nous communiquez directement et avec votre consentement. Notamment, dans le cadre de l\u2019utilisation de nos simulateurs, formulaires de contacts, de demandes d\u2019informations ou de t\u00e9l\u00e9chargement de guides. Nous collectons alors les donn\u00e9es que vous avez bien voulu saisir et nous communiquer.<\/p>\n<p>&nbsp;<\/p>\n<\/div>\n<p><b>Utilisation des donn\u00e9es :<\/b><\/p>\n<div>\n<p>Nous utilisons les informations que nous collectons notamment dans le but de :<br \/>\u2013 vous fournir les services demand\u00e9s<br \/>\u2013 comprendre la mani\u00e8re dont vous utilisez les services afin de mieux vous satisfaire<br \/>\u2013 Vous apporter des informations en ad\u00e9quation avec votre demande, dans le cadre de vos demandes d\u2019informations, de t\u00e9l\u00e9chargement de guides, de simulation ou de contact et uniquement avec votre consentement pr\u00e9alable.<br \/>\u2013 Vous envoyer une newsletter uniquement avec votre consentement pr\u00e9alable<br \/>Ces informations sont stock\u00e9es de mani\u00e8re s\u00e9curis\u00e9e et ne peuvent \u00eatre partag\u00e9 qu\u2019aupr\u00e8s des partenaires de Silver Capital management, uniquement dans le cadre de votre demande initiale, afin de vous proposer des services susceptibles de vous int\u00e9resser.<\/p>\n<p>&nbsp;<\/p>\n<\/div>\n<p><b>Conservation des donn\u00e9es :<\/b><\/p>\n<div><\/div>\n<div>Vos donn\u00e9es personnelles sont conserv\u00e9es que pour une dur\u00e9e maximale de 1 ans ou pendant la dur\u00e9e n\u00e9cessaire \u00e0 l\u2019utilisation de nos services.<br \/>Acc\u00e8s et informations relatives aux donn\u00e9es personnelles que nous d\u00e9tenons sur vous<br \/>Vous pouvez envoyer un e-mail \u00e0<span>\u00a0<\/span><a href=\"mailto:contact@silvercapital-mgmt.com\" target=\"_blank\" rel=\"noopener\">contact@silvercapital-mgmt.com<\/a><span>\u00a0<\/span>et demander des informations sur vos donn\u00e9es personnelles. \u00c0 la r\u00e9ception de votre demande, nous vous informerons de la nature des informations personnelles que nous d\u00e9tenons sur vous, sur la fa\u00e7on dont nous collectons les informations, sur la finalit\u00e9 pour laquelle nous traitons vos donn\u00e9es personnelles, et les personnes avec lesquelles nous partageons vos informations personnelles.<\/div>\n<p>&nbsp;<\/p>\n<p><b>Rectification et suppression de vos donn\u00e9es personnelles:<\/b><\/p>\n<p><b> <\/b><\/p>\n<p><b><\/b><\/p>\n<div><\/div>\n<div>Si des Donn\u00e9es ma\u00eetres ou d\u2019autres informations personnelles que nous d\u00e9tenons sur vous en tant que responsable du traitement sont incorrectes ou trompeuses, vous pouvez en demandez la rectification par e-mail \u00e0<span>\u00a0<\/span><a href=\"mailto:contact@silvercapital-mgmt.com\" target=\"_blank\" rel=\"noopener\">contact@silvercapital-mgmt.com<\/a><span>\u00a0<\/span>.<br \/>Vous pouvez \u00e0 tout moment nous demander la suppression des informations personnelles vous concernant, en envoyant une demande par e-mail.<\/div>\n<p>[\/et_pb_text][\/et_pb_column][\/et_pb_row][\/et_pb_section][et_pb_section fb_built=\u00a0\u00bb1&Prime; fullwidth=\u00a0\u00bbon\u00a0\u00bb theme_builder_area=\u00a0\u00bbpost_content\u00a0\u00bb _builder_version=\u00a0\u00bb4.17.1&Prime; _module_preset=\u00a0\u00bbdefault\u00a0\u00bb][et_pb_fullwidth_image src=\u00a0\u00bbhttp:\/\/silvercapital-mgmt.com\/wp-content\/uploads\/2023\/03\/data-scm-.png\u00a0\u00bb _builder_version=\u00a0\u00bb4.17.1&Prime; _module_preset=\u00a0\u00bbdefault\u00a0\u00bb theme_builder_area=\u00a0\u00bbpost_content\u00a0\u00bb title_text=\u00a0\u00bbdata-scm-\u00a0\u00bb hover_enabled=\u00a0\u00bb0&Prime; sticky_enabled=\u00a0\u00bb0&Prime; min_height=\u00a0\u00bb238.1px\u00a0\u00bb][\/et_pb_fullwidth_image][\/et_pb_section]<\/p>\n","protected":false},"excerpt":{"rendered":"<p>Donn\u00e9es personnelles &nbsp; Silver Capital Management, \u00e9dit\u00e9 par la soci\u00e9t\u00e9 SCM ( silver capital Management) , collecte et traite des donn\u00e9es personnelles vous concernant. C\u2019est pourquoi, nous veillons \u00e0 faire preuve de la plus grande clart\u00e9 concernant nos modalit\u00e9s de collecte, d\u2019utilisation et de stockage de vos informations personnelles. &nbsp; Informations collect\u00e9s : Nous collectons [&hellip;]<\/p>\n","protected":false},"author":1,"featured_media":0,"parent":0,"menu_order":0,"comment_status":"closed","ping_status":"closed","template":"","meta":{"_et_pb_use_builder":"on","_et_pb_old_content":"","_et_gb_content_width":"","footnotes":""},"class_list":["post-471","page","type-page","status-publish","hentry"],"_links":{"self":[{"href":"https:\/\/silvercapital-mgmt.com\/index.php\/wp-json\/wp\/v2\/pages\/471","targetHints":{"allow":["GET"]}}],"collection":[{"href":"https:\/\/silvercapital-mgmt.com\/index.php\/wp-json\/wp\/v2\/pages"}],"about":[{"href":"https:\/\/silvercapital-mgmt.com\/index.php\/wp-json\/wp\/v2\/types\/page"}],"author":[{"embeddable":true,"href":"https:\/\/silvercapital-mgmt.com\/index.php\/wp-json\/wp\/v2\/users\/1"}],"replies":[{"embeddable":true,"href":"https:\/\/silvercapital-mgmt.com\/index.php\/wp-json\/wp\/v2\/comments?post=471"}],"version-history":[{"count":2,"href":"https:\/\/silvercapital-mgmt.com\/index.php\/wp-json\/wp\/v2\/pages\/471\/revisions"}],"predecessor-version":[{"id":475,"href":"https:\/\/silvercapital-mgmt.com\/index.php\/wp-json\/wp\/v2\/pages\/471\/revisions\/475"}],"wp:attachment":[{"href":"https:\/\/silvercapital-mgmt.com\/index.php\/wp-json\/wp\/v2\/media?parent=471"}],"curies":[{"name":"wp","href":"https:\/\/api.w.org\/{rel}","templated":true}]}}